{"id":140,"date":"2021-04-16T14:27:16","date_gmt":"2021-04-16T12:27:16","guid":{"rendered":"https:\/\/news.esseweb.eu\/?page_id=140"},"modified":"2021-04-16T14:31:19","modified_gmt":"2021-04-16T12:31:19","slug":"privacy","status":"publish","type":"page","link":"https:\/\/news.esseweb.eu\/index.php\/privacy\/","title":{"rendered":"Privacy"},"content":{"rendered":"\n<p class=\"has-luminous-vivid-amber-color has-text-color\"><strong>Informativa sul trattamento dei Vostri dati personali ai sensi del Dlgs.196\/2003 Privacy <\/strong><\/p>\n\n\n\n<p>La informiamo che, in relazione all&#8217;instaurazione del rapporto con Lei in essere, la Spazio Web s.r.l. \u00e8 tenuta ad entrare in possesso ed a trattare dati a Lei relativi, qualificati come personali dal Dlgs 196\/2003 \u2013 Codice in materia di protezione dei dati personali. Il codice in oggetto prevede che chi effettua trattamenti di dati personali \u00e8 tenuto ad informare il soggetto interessato, su quali dati vengano trattati e su taluni elementi qualificanti il trattamento: esso deve avvenire con correttezza liceit\u00e0 e trasparenza, tutelando la Sua riservatezza ed i Suoi diritti. Conformemente a quanto previsto dall\u2019articolo 13 del Dlgs 196\/2003, Le forniamo le seguenti informazioni:<\/p>\n\n\n\n<p><strong>1. Natura dei dati trattati<\/strong><br>Per il corretto svolgimento del servizio abbiamo necessit\u00e0 di trattare taluni dati definiti dalla legge come significativi: i Suoi dati anagrafici.<\/p>\n\n\n\n<p><strong>2. Finalit\u00e0 del trattamento<\/strong><br>I dati che Le vengono richiesti sono necessari nell\u2019ambito dell\u2019attivit\u00e0 prestata dalla Spazio Web s.r.l. e per erogare i servizi a Lei resi. I dati verranno trattati per tutta la durata del rapporto ed anche successivamente, nei limiti necessari per l\u2019espletamento di obblighi di legge e per finalit\u00e0 amministrative.<\/p>\n\n\n\n<p><strong>3. Modalit\u00e0 del trattamento<\/strong><br>Il trattamento dei Suoi dati all\u2019interno della Spazio Web s.r.l., avviene mediante l\u2019utilizzo di strumenti e procedure idonei a garantirne la sicurezza e la riservatezza e potr\u00e0 essere effettuato sia mediante supporti cartacei, sia attraverso l\u2019ausilio di mezzi informatici. Precisiamo comunque, che la nostra azienda pone in atto le necessarie misure di carattere organizzativo, fisico e logico, atte a garantire la sicurezza dei dati, con particolare riferimento a quanto previsto dall\u2019Allegato-B del DLgs 196\/2003\u2013 Disciplinare tecnico in materia di misure minime di sicurezza.<\/p>\n\n\n\n<p><strong>4. Obbligo o facolt\u00e0 di conferire dati<\/strong><br>Il conferimento dei Suoi dati alla nostra azienda \u00e8 del tutto facoltativo; La informiamo per\u00f2 che il loro mancato conferimento da parte Sua comporta di fatto l\u2019impossibilit\u00e0 da parte nostra, di instaurare o proseguire il rapporto in essere e fornirLe i propri servizi.<\/p>\n\n\n\n<p><strong>5. Ambito di conoscenza dei suoi dati<\/strong><br>Le seguenti categorie di soggetti possono venire a conoscenza dei Suoi dati, in qualit\u00e0 di responsabili o incaricati del trattamento, nominati dalla scrivente societ\u00e0, titolare del trattamento: &#8211; uffici e segreterie interni, studio consulente: Con.fi sas; La Spazio Web informa che procede al trattamento dei dati personali del CLIENTE per l\u2019esecuzione delle prestazioni dedotte in sede contrattuale e la gestione degli adempimenti di carattere amministrativo-contabile-fiscale-trasporto merci, secondo quanto previsto da contratto e dalle norme di legge o regolamento vigenti in materia.<\/p>\n\n\n\n<p><strong>6. Comunicazione e diffusione<\/strong><br>I Suoi dati non verranno da noi diffusi, con tale termine intendendosi il darne conoscenza a soggetti indeterminati in qualunque modo, anche mediante la loro messa a disposizione o consultazione. I Suoi dati potranno essere da noi comunicati, con tale termine intendendosi il darne conoscenza ad uno o pi\u00f9 soggetti determinati, esclusivamente nei seguenti termini:<br>&#8211; a soggetti, pubblici e privati, che possono accedere ai dati in forza di disposizione di legge, di regolamento o di normativa comunitaria, nei limiti previsti da tali norme (si citano ad esempio gli uffici dell\u2019amministrazione pubblica).<\/p>\n\n\n\n<p><strong>7. I suo i diritti<\/strong><br>Riportiamo di seguito l\u2019estratto dell\u2019articolo 7 Dlgs 196\/2003, per ricordarLe che pu\u00f2 esercitare nei nostri confronti i seguenti diritti:<br>&#8211; ottenere la conferma dell\u2019esistenza di dati personali che La riguardano, anche se non ancora registrati, e la comunicazione in forma intelligibile;<br>&#8211; ottenere l\u2019indicazione dell\u2019origine dei dati personali, nonch\u00e9 delle finalit\u00e0 e modalit\u00e0 del trattamento;<br>&#8211; ottenere l\u2019indicazione della logica applicata nei trattamenti effettuati con l\u2019ausilio di strumenti elettronici;<br>&#8211; ottenere l\u2019aggiornamento, la rettificazione ovvero, quando vi ha interesse, l\u2019integrazione dei dati;<br>&#8211; ottenere la cancellazione, la trasformazione in forma anonima o il blocco dei dati trattati in violazione di legge;<br>&#8211; ottenere la cancellazione, la trasformazione in forma anonima o il blocco dei dati di cui non \u00e8 necessaria la conservazione, in relazione agli scopi per i quali i dati sono stati raccolti o successivamente trattati;<br>&#8211; ottenere l\u2019attestazione che l\u2019aggiornamento, la rettificazione, l\u2019integrazione, la cancellazione, la trasformazione in forma anonima o il blocco sono stati portati a conoscenza, anche per quanto riguarda il contenuto, di coloro ai quali i dati sono stati comunicati o diffusi, tranne che nei casi in cui tale adempimento si riveli impossibile o comporti un impiego di mezzi manifestamente sproporzionato rispetto al diritto tutelato;<br>&#8211; opporsi, in tutto o in parte, per motivi legittimi, al trattamento dei dati personali che La riguardano, ancorch\u00e9 pertinenti allo scopo della raccolta.<\/p>\n\n\n\n<p><strong>8.Titolari e responsabili del trattamento<\/strong><br>Titolare del trattamento \u00e8 la Spazio Web s.r.l., i cui dati anagrafici sono riportati in calce al presente modulo. Per esercitare i diritti di cui al punto precedente, si potr\u00e0 rivolgere ai Responsabili del Trattamento da noi all\u2019uopo preposti, ai sensi dell\u2019articolo 13 lettera f) Dlgs 196\/2003, reperibili presso la nostra sede legale e\/o eventuali altre sedi operative.<\/p>\n\n\n\n<p><strong>9. Formula di consenso del trattamento<\/strong><br>Per potere procedere al trattamento dei Suoi dati, necessitiamo del Suo consenso espresso; qualora fosse Sua intenzione concedere tale consenso, esso verr\u00e0 da Lei esplicitato mediante la compilazione dei suoi dati nel presente modulo. Tale consenso confermer\u00e0 la Sua presa visione ed accettazione del presente documento.<\/p>\n","protected":false},"excerpt":{"rendered":"<p>Informativa sul trattamento dei Vostri dati personali ai sensi del Dlgs.196\/2003 Privacy La informiamo che, in relazione all&#8217;instaurazione del rapporto con Lei in essere, la Spazio Web s.r.l. \u00e8 tenuta ad entrare in possesso ed a trattare dati a Lei relativi, qualificati come personali dal Dlgs 196\/2003 \u2013 Codice in materia di protezione dei dati [&hellip;]<\/p>\n","protected":false},"author":1,"featured_media":0,"parent":0,"menu_order":0,"comment_status":"closed","ping_status":"closed","template":"","meta":{"zakra_page_container_layout":"customizer","zakra_page_sidebar_layout":"customizer","zakra_remove_content_margin":false,"zakra_sidebar":"customizer","zakra_transparent_header":"customizer","zakra_logo":0,"zakra_main_header_style":"default","zakra_menu_item_color":"","zakra_menu_item_hover_color":"","zakra_menu_item_active_color":"","zakra_menu_active_style":"","zakra_page_header":true,"footnotes":""},"class_list":["post-140","page","type-page","status-publish","hentry"],"_links":{"self":[{"href":"https:\/\/news.esseweb.eu\/index.php\/wp-json\/wp\/v2\/pages\/140","targetHints":{"allow":["GET"]}}],"collection":[{"href":"https:\/\/news.esseweb.eu\/index.php\/wp-json\/wp\/v2\/pages"}],"about":[{"href":"https:\/\/news.esseweb.eu\/index.php\/wp-json\/wp\/v2\/types\/page"}],"author":[{"embeddable":true,"href":"https:\/\/news.esseweb.eu\/index.php\/wp-json\/wp\/v2\/users\/1"}],"replies":[{"embeddable":true,"href":"https:\/\/news.esseweb.eu\/index.php\/wp-json\/wp\/v2\/comments?post=140"}],"version-history":[{"count":4,"href":"https:\/\/news.esseweb.eu\/index.php\/wp-json\/wp\/v2\/pages\/140\/revisions"}],"predecessor-version":[{"id":145,"href":"https:\/\/news.esseweb.eu\/index.php\/wp-json\/wp\/v2\/pages\/140\/revisions\/145"}],"wp:attachment":[{"href":"https:\/\/news.esseweb.eu\/index.php\/wp-json\/wp\/v2\/media?parent=140"}],"curies":[{"name":"wp","href":"https:\/\/api.w.org\/{rel}","templated":true}]}}